{"id":3134,"date":"2016-02-16T11:41:47","date_gmt":"2016-02-16T11:41:47","guid":{"rendered":"https:\/\/electro.madrasthemes.com\/cart\/"},"modified":"2025-03-28T23:46:46","modified_gmt":"2025-03-28T22:46:46","slug":"cart-2","status":"publish","type":"page","link":"https:\/\/d.logo1.hu\/webshop\/cart-2\/","title":{"rendered":"Kos\u00e1r"},"content":{"rendered":"<div class=\"woocommerce\"><div class=\"woocommerce-notices-wrapper\"><\/div><div class=\"wc-empty-cart-message\">\n\t<div class=\"cart-empty woocommerce-info\">\n\t\tJelenleg \u00fcres a bev\u00e1s\u00e1rl\u00f3kos\u00e1r.\t<\/div>\n<\/div>\t<p class=\"return-to-shop\">\n\t\t<a class=\"button wc-backward\" href=\"https:\/\/d.logo1.hu\/webshop\/shop-2\/\">\n\t\t\tV\u00e1s\u00e1rl\u00e1s folytat\u00e1sa\t\t<\/a>\n\t<\/p>\n<\/div>\n","protected":false},"excerpt":{"rendered":"Jelenleg \u00fcres a bev\u00e1s\u00e1rl\u00f3kos\u00e1r. V\u00e1s\u00e1rl\u00e1s folytat\u00e1sa","protected":false},"author":1,"featured_media":0,"parent":0,"menu_order":0,"comment_status":"closed","ping_status":"closed","template":"","meta":{"_acf_changed":false,"footnotes":""},"class_list":["post-3134","page","type-page","status-publish","hentry"],"acf":[],"_links":{"self":[{"href":"https:\/\/d.logo1.hu\/webshop\/wp-json\/wp\/v2\/pages\/3134","targetHints":{"allow":["GET"]}}],"collection":[{"href":"https:\/\/d.logo1.hu\/webshop\/wp-json\/wp\/v2\/pages"}],"about":[{"href":"https:\/\/d.logo1.hu\/webshop\/wp-json\/wp\/v2\/types\/page"}],"author":[{"embeddable":true,"href":"https:\/\/d.logo1.hu\/webshop\/wp-json\/wp\/v2\/users\/1"}],"replies":[{"embeddable":true,"href":"https:\/\/d.logo1.hu\/webshop\/wp-json\/wp\/v2\/comments?post=3134"}],"version-history":[{"count":2,"href":"https:\/\/d.logo1.hu\/webshop\/wp-json\/wp\/v2\/pages\/3134\/revisions"}],"predecessor-version":[{"id":5525,"href":"https:\/\/d.logo1.hu\/webshop\/wp-json\/wp\/v2\/pages\/3134\/revisions\/5525"}],"wp:attachment":[{"href":"https:\/\/d.logo1.hu\/webshop\/wp-json\/wp\/v2\/media?parent=3134"}],"curies":[{"name":"wp","href":"https:\/\/api.w.org\/{rel}","templated":true}]}}