{"id":5373,"date":"2025-02-23T22:44:02","date_gmt":"2025-02-23T21:44:02","guid":{"rendered":"https:\/\/d.logo1.hu\/webshop\/home-v1-vc-2\/"},"modified":"2025-03-05T22:17:59","modified_gmt":"2025-03-05T21:17:59","slug":"nyitooldal","status":"publish","type":"page","link":"https:\/\/d.logo1.hu\/webshop\/","title":{"rendered":"Nyitooldal"},"content":{"rendered":"<div class=\"wpb-content-wrapper\"><p>[vc_row][vc_column css=&#8221;.vc_custom_1464938514718{margin-bottom: 7px !important;}&#8221;][rev_slider_vc alias=&#8221;home-v1-slider&#8221;][\/vc_column][\/vc_row][vc_row][vc_column][vc_custom_heading text=&#8221;TERM\u00c9K KATEG\u00d3RI\u00c1K&#8221; font_container=&#8221;tag:h1|font_size:50|text_align:center|color:%233EB9BD&#8221; google_fonts=&#8221;font_family:Montserrat%3Aregular%2C700|font_style:700%20bold%20regular%3A700%3Anormal&#8221; css_animation=&#8221;fadeIn&#8221; css=&#8221;.vc_custom_1741209475511{padding-top: 20px !important;}&#8221;][\/vc_column][\/vc_row][vc_row][vc_column]<div class=\"categories-list-card pt-xl-6\">\n\t\t\t<div class=\"row row-cols-md-3 row-cols-xl-4 mb-5 mb-xl-0\">\n\t\t\t\t\t\t\t<\/div>\n\t\t<\/div>[\/vc_column][\/vc_row][vc_row][vc_column width=&#8221;1\/4&#8243;][\/vc_column][vc_column width=&#8221;1\/2&#8243;]<div class=\"categories-list-card pt-xl-6\">\n\t\t\t<div class=\"row row-cols-md-3 row-cols-xl-2 mb-5 mb-xl-0\">\n\t\t\t\t\t\t\t<\/div>\n\t\t<\/div>[\/vc_column][vc_column width=&#8221;1\/4&#8243;][\/vc_column][\/vc_row]<\/p>\n<\/div>","protected":false},"excerpt":{"rendered":"<p>[vc_row][vc_column css=&#8221;.vc_custom_1464938514718{margin-bottom: 7px !important;}&#8221;][rev_slider_vc alias=&#8221;home-v1-slider&#8221;][\/vc_column][\/vc_row][vc_row][vc_column][vc_custom_heading text=&#8221;TERM\u00c9K KATEG\u00d3RI\u00c1K&#8221; font_container=&#8221;tag:h1|font_size:50|text_align:center|color:%233EB9BD&#8221; google_fonts=&#8221;font_family:Montserrat%3Aregular%2C700|font_style:700%20bold%20regular%3A700%3Anormal&#8221; css_animation=&#8221;fadeIn&#8221; css=&#8221;.vc_custom_1741209475511{padding-top: 20px !important;}&#8221;][\/vc_column][\/vc_row][vc_row][vc_column][\/vc_column][\/vc_row][vc_row][vc_column width=&#8221;1\/4&#8243;][\/vc_column][vc_column width=&#8221;1\/2&#8243;][\/vc_column][vc_column width=&#8221;1\/4&#8243;][\/vc_column][\/vc_row]<\/p>\n","protected":false},"author":1,"featured_media":0,"parent":0,"menu_order":0,"comment_status":"closed","ping_status":"closed","template":"template-homepage-v1.php","meta":{"_acf_changed":false,"footnotes":""},"class_list":["post-5373","page","type-page","status-publish","hentry"],"acf":[],"_links":{"self":[{"href":"https:\/\/d.logo1.hu\/webshop\/wp-json\/wp\/v2\/pages\/5373","targetHints":{"allow":["GET"]}}],"collection":[{"href":"https:\/\/d.logo1.hu\/webshop\/wp-json\/wp\/v2\/pages"}],"about":[{"href":"https:\/\/d.logo1.hu\/webshop\/wp-json\/wp\/v2\/types\/page"}],"author":[{"embeddable":true,"href":"https:\/\/d.logo1.hu\/webshop\/wp-json\/wp\/v2\/users\/1"}],"replies":[{"embeddable":true,"href":"https:\/\/d.logo1.hu\/webshop\/wp-json\/wp\/v2\/comments?post=5373"}],"version-history":[{"count":31,"href":"https:\/\/d.logo1.hu\/webshop\/wp-json\/wp\/v2\/pages\/5373\/revisions"}],"predecessor-version":[{"id":5517,"href":"https:\/\/d.logo1.hu\/webshop\/wp-json\/wp\/v2\/pages\/5373\/revisions\/5517"}],"wp:attachment":[{"href":"https:\/\/d.logo1.hu\/webshop\/wp-json\/wp\/v2\/media?parent=5373"}],"curies":[{"name":"wp","href":"https:\/\/api.w.org\/{rel}","templated":true}]}}