{"id":5408,"date":"2025-03-01T21:29:52","date_gmt":"2025-03-01T20:29:52","guid":{"rendered":"https:\/\/d.logo1.hu\/webshop\/?post_type=product&#038;p=5408"},"modified":"2025-03-02T22:07:58","modified_gmt":"2025-03-02T21:07:58","slug":"bradocare-glicerines-kezapolo-aloe-vera","status":"publish","type":"product","link":"https:\/\/d.logo1.hu\/webshop\/product\/bradocare-glicerines-kezapolo-aloe-vera\/","title":{"rendered":"Bradocare glicerines k\u00e9z\u00e1pol\u00f3  &#8211; aloe vera"},"content":{"rendered":"<p>Rendszeres haszn\u00e1lata megel\u0151zi a k\u00e9z \u00e9s k\u00f6r\u00f6m\u00e1gy b\u0151r\u00e9nek t\u00falzott kisz\u00e1rad\u00e1s\u00e1t<\/p>\n<p>A j\u00f3t\u00e9kony hat\u00e1s\u00fa aloe ver\u00e1ban megtal\u00e1lhat\u00f3 nyugtat\u00f3 \u00e9s gyullad\u00e1scs\u00f6kkent\u0151 hat\u00e1s\u00fa anyagok seg\u00edtik a b\u0151r regener\u00e1l\u00f3d\u00e1s\u00e1t. A magas glicerin tartalom pedig kiv\u00e1l\u00f3 hidrat\u00e1l\u00f3 hat\u00e1st ny\u00fajt.<\/p>\n<p>\u00c9rz\u00e9keny b\u0151r\u0171eknek is haszn\u00e1lhat\u00f3<\/p>\n<p>A kellemes illat\u00fa kr\u00e9m gyorsan felsz\u00edv\u00f3dik \u00e9s selymes b\u0151r\u00e9rzetet biztos\u00edt zs\u00edros, ragad\u00f3s hat\u00e1s n\u00e9lk\u00fcl.<\/p>\n<p>Aj\u00e1nlott alkalmaz\u00e1si ter\u00fclet: eg\u00e9szs\u00e9g\u00fcgyben a fert\u0151tlen\u00edt\u0151szerekt\u0151l, az \u00e9lelmiszeriparban a mosogat\u00f3- \u00e9s mos\u00f3szerekt\u0151l kisz\u00e1radt b\u0151r \u00e1pol\u00e1s\u00e1ra.<\/p>\n","protected":false},"excerpt":{"rendered":"<p>Rendszeres haszn\u00e1lata megel\u0151zi a k\u00e9z \u00e9s k\u00f6r\u00f6m\u00e1gy b\u0151r\u00e9nek t\u00falzott kisz\u00e1rad\u00e1s\u00e1t<\/p>\n<p>A j\u00f3t\u00e9kony hat\u00e1s\u00fa aloe ver\u00e1ban megtal\u00e1lhat\u00f3 nyugtat\u00f3 \u00e9s gyullad\u00e1scs\u00f6kkent\u0151 hat\u00e1s\u00fa anyagok seg\u00edtik a b\u0151r regener\u00e1l\u00f3d\u00e1s\u00e1t.<\/p>\n","protected":false},"featured_media":5409,"template":"redux-templates_full_width","meta":{"_acf_changed":false},"product_brand":[],"product_cat":[230],"product_tag":[],"class_list":{"0":"post-5408","1":"product","2":"type-product","3":"status-publish","4":"has-post-thumbnail","6":"product_cat-higienia","8":"first","9":"instock","10":"shipping-taxable","11":"purchasable","12":"product-type-simple"},"acf":[],"_links":{"self":[{"href":"https:\/\/d.logo1.hu\/webshop\/wp-json\/wp\/v2\/product\/5408","targetHints":{"allow":["GET"]}}],"collection":[{"href":"https:\/\/d.logo1.hu\/webshop\/wp-json\/wp\/v2\/product"}],"about":[{"href":"https:\/\/d.logo1.hu\/webshop\/wp-json\/wp\/v2\/types\/product"}],"wp:featuredmedia":[{"embeddable":true,"href":"https:\/\/d.logo1.hu\/webshop\/wp-json\/wp\/v2\/media\/5409"}],"wp:attachment":[{"href":"https:\/\/d.logo1.hu\/webshop\/wp-json\/wp\/v2\/media?parent=5408"}],"wp:term":[{"taxonomy":"product_brand","embeddable":true,"href":"https:\/\/d.logo1.hu\/webshop\/wp-json\/wp\/v2\/product_brand?post=5408"},{"taxonomy":"product_cat","embeddable":true,"href":"https:\/\/d.logo1.hu\/webshop\/wp-json\/wp\/v2\/product_cat?post=5408"},{"taxonomy":"product_tag","embeddable":true,"href":"https:\/\/d.logo1.hu\/webshop\/wp-json\/wp\/v2\/product_tag?post=5408"}],"curies":[{"name":"wp","href":"https:\/\/api.w.org\/{rel}","templated":true}]}}