{"id":5461,"date":"2025-03-02T22:15:01","date_gmt":"2025-03-02T21:15:01","guid":{"rendered":"https:\/\/d.logo1.hu\/webshop\/?post_type=product&#038;p=5461"},"modified":"2025-03-02T22:16:17","modified_gmt":"2025-03-02T21:16:17","slug":"bradoclear-22-aldehidmentes-feluletfertotlenito-koncentratum","status":"publish","type":"product","link":"https:\/\/d.logo1.hu\/webshop\/product\/bradoclear-22-aldehidmentes-feluletfertotlenito-koncentratum\/","title":{"rendered":"Bradoclear 22, aldehidmentes fel\u00fcletfert\u0151tlen\u00edt\u0151 koncentr\u00e1tum"},"content":{"rendered":"<p><strong>&#8211; Hat\u00e1sspektrum<\/strong>: Baktericid (MRSA), yeasticid, fungicid, virucid (HBV\/HIV).<\/p>\n<p><strong>&#8211; Felhaszn\u00e1l\u00e1si ter\u00fclet: <\/strong>Int\u00e9zm\u00e9nyi, eg\u00e9szs\u00e9g\u00fcgyi, mag\u00e1n-, k\u00f6z-, ipari \u00e9s \u00e9lelmiszeripari ter\u00fcleten moshat\u00f3 fel\u00fcletek, anyagok, berendez\u00e9sek \u00e9s b\u00fatorok fert\u0151tlen\u00edt\u00e9s\u00e9re, valamit emberi ill. \u00e1llati fogyaszt\u00e1sra sz\u00e1nt \u00e9lelmiszerek vagy takarm\u00e1ny el\u0151\u00e1ll\u00edt\u00e1s\u00e1val, t\u00e1rol\u00e1s\u00e1val vagy fogyaszt\u00e1s\u00e1val kapcsolatos berendez\u00e9si tart\u00e1lyok, ed\u00e9nyek, fel\u00fcletek vagy cs\u0151vezet\u00e9kek fert\u0151tlen\u00edt\u00e9s\u00e9re alkalmazhat\u00f3. Eg\u00e9szs\u00e9g\u00fcgyi ter\u00fcleten csak a fel\u00fcletek el\u0151zetes tiszt\u00edt\u00e1sa ut\u00e1n alkalmazhat\u00f3.<\/p>\n<p><strong>&#8211; Haszn\u00e1lati utas\u00edt\u00e1s, alkalmaz\u00e1si param\u00e9terek:<\/strong><\/p>\n<p>1%-os vizes oldat: 20 perc<\/p>\n<p>0,5%-os vizes oldat: 40 perc<\/p>\n<p>0,25%-os vizes oldat: 60 perc<\/p>\n<p><strong>&#8211; Biocid hat\u00f3anyagok<\/strong>: Alkil (C12-C16)-dimetil-benzil amm\u00f3nium klorid 10%<\/p>\n<p><img loading=\"lazy\" decoding=\"async\" class=\"alignnone size-full wp-image-5463\" src=\"https:\/\/d.logo1.hu\/webshop\/wp-content\/uploads\/2025\/03\/warning_bradoclear22.png\" alt=\"\" width=\"263\" height=\"83\" \/><\/p>\n","protected":false},"excerpt":{"rendered":"<p>aldehidmentes fel\u00fcletfert\u0151tlen\u00edt\u0151 koncentr\u00e1tum<\/p>\n","protected":false},"featured_media":5462,"template":"","meta":{"_acf_changed":false},"product_brand":[],"product_cat":[230],"product_tag":[],"class_list":{"0":"post-5461","1":"product","2":"type-product","3":"status-publish","4":"has-post-thumbnail","6":"product_cat-higienia","8":"first","9":"instock","10":"shipping-taxable","11":"purchasable","12":"product-type-simple"},"acf":[],"_links":{"self":[{"href":"https:\/\/d.logo1.hu\/webshop\/wp-json\/wp\/v2\/product\/5461","targetHints":{"allow":["GET"]}}],"collection":[{"href":"https:\/\/d.logo1.hu\/webshop\/wp-json\/wp\/v2\/product"}],"about":[{"href":"https:\/\/d.logo1.hu\/webshop\/wp-json\/wp\/v2\/types\/product"}],"wp:featuredmedia":[{"embeddable":true,"href":"https:\/\/d.logo1.hu\/webshop\/wp-json\/wp\/v2\/media\/5462"}],"wp:attachment":[{"href":"https:\/\/d.logo1.hu\/webshop\/wp-json\/wp\/v2\/media?parent=5461"}],"wp:term":[{"taxonomy":"product_brand","embeddable":true,"href":"https:\/\/d.logo1.hu\/webshop\/wp-json\/wp\/v2\/product_brand?post=5461"},{"taxonomy":"product_cat","embeddable":true,"href":"https:\/\/d.logo1.hu\/webshop\/wp-json\/wp\/v2\/product_cat?post=5461"},{"taxonomy":"product_tag","embeddable":true,"href":"https:\/\/d.logo1.hu\/webshop\/wp-json\/wp\/v2\/product_tag?post=5461"}],"curies":[{"name":"wp","href":"https:\/\/api.w.org\/{rel}","templated":true}]}}