{"id":5465,"date":"2025-03-02T22:20:54","date_gmt":"2025-03-02T21:20:54","guid":{"rendered":"https:\/\/d.logo1.hu\/webshop\/?post_type=product&#038;p=5465"},"modified":"2025-03-02T22:20:56","modified_gmt":"2025-03-02T21:20:56","slug":"ooops-professional-papir-lepedo","status":"publish","type":"product","link":"https:\/\/d.logo1.hu\/webshop\/product\/ooops-professional-papir-lepedo\/","title":{"rendered":"Ooops! Professional Pap\u00edr leped\u0151"},"content":{"rendered":"<p>2 rtg, cell., 50 cm, 50 m (KKC20011694)<\/p>\n<p>2 r\u00e9teg\u0171, 100% cellul\u00f3z pap\u00edr leped\u0151.<\/p>\n<p>Kiszerel\u00e9s: 9 tekercs\/doboz<\/p>\n<p>Tekercsmagass\u00e1g, lapsz\u00e9less\u00e9g: 50 x 34 cm<\/p>\n<p>Tekercs\u00e1tm\u00e9r\u0151: 130 mm<\/p>\n<p>Duda \u00e1tm\u00e9r\u0151: 60 mm<\/p>\n<p>Lapsz\u00e1m tekercsenk\u00e9nt: 147 lap<\/p>\n<p>Tekercshossz: 50 m\u00e9ter<\/p>\n","protected":false},"excerpt":{"rendered":"<p>Ooops! Professional Pap\u00edr leped\u0151 2 rtg, cell., 50 cm, 50 m (KKC20011694)<\/p>\n","protected":false},"featured_media":5466,"template":"","meta":{"_acf_changed":false},"product_brand":[],"product_cat":[226],"product_tag":[],"class_list":{"0":"post-5465","1":"product","2":"type-product","3":"status-publish","4":"has-post-thumbnail","6":"product_cat-papiraru","8":"first","9":"instock","10":"shipping-taxable","11":"purchasable","12":"product-type-simple"},"acf":[],"_links":{"self":[{"href":"https:\/\/d.logo1.hu\/webshop\/wp-json\/wp\/v2\/product\/5465","targetHints":{"allow":["GET"]}}],"collection":[{"href":"https:\/\/d.logo1.hu\/webshop\/wp-json\/wp\/v2\/product"}],"about":[{"href":"https:\/\/d.logo1.hu\/webshop\/wp-json\/wp\/v2\/types\/product"}],"wp:featuredmedia":[{"embeddable":true,"href":"https:\/\/d.logo1.hu\/webshop\/wp-json\/wp\/v2\/media\/5466"}],"wp:attachment":[{"href":"https:\/\/d.logo1.hu\/webshop\/wp-json\/wp\/v2\/media?parent=5465"}],"wp:term":[{"taxonomy":"product_brand","embeddable":true,"href":"https:\/\/d.logo1.hu\/webshop\/wp-json\/wp\/v2\/product_brand?post=5465"},{"taxonomy":"product_cat","embeddable":true,"href":"https:\/\/d.logo1.hu\/webshop\/wp-json\/wp\/v2\/product_cat?post=5465"},{"taxonomy":"product_tag","embeddable":true,"href":"https:\/\/d.logo1.hu\/webshop\/wp-json\/wp\/v2\/product_tag?post=5465"}],"curies":[{"name":"wp","href":"https:\/\/api.w.org\/{rel}","templated":true}]}}