{"id":5467,"date":"2025-03-02T22:23:44","date_gmt":"2025-03-02T21:23:44","guid":{"rendered":"https:\/\/d.logo1.hu\/webshop\/?post_type=product&#038;p=5467"},"modified":"2025-03-02T22:23:59","modified_gmt":"2025-03-02T21:23:59","slug":"ooops-professional-toalettpapir","status":"publish","type":"product","link":"https:\/\/d.logo1.hu\/webshop\/product\/ooops-professional-toalettpapir\/","title":{"rendered":"Ooops! Professional Toalettpap\u00edr"},"content":{"rendered":"<p>3 r\u00e9teg\u0171, 100% cellul\u00f3z toalettpap\u00edr<\/p>\n<p>Kiszerel\u00e9s: 4 tekercs\/csomag<\/p>\n<p>Tekercsmagass\u00e1g, lapsz\u00e9less\u00e9g: 9,25&#215;11,3 cm<\/p>\n<p>Tekercs\u00e1tm\u00e9r\u0151: 112 mm<\/p>\n<p>Duda \u00e1tm\u00e9r\u0151: 42 mm<\/p>\n<p>Lapsz\u00e1m tekercsenk\u00e9nt: 150 lap<\/p>\n<p>Tekercshossz: 16,27 m\u00e9ter<\/p>\n","protected":false},"excerpt":{"rendered":"<p>Ooops! Professional Toalettpap\u00edr 3 rtg, cell., 4 tekercs, 150 lap (KTC30041351)<\/p>\n","protected":false},"featured_media":5468,"template":"","meta":{"_acf_changed":false},"product_brand":[],"product_cat":[226],"product_tag":[],"class_list":{"0":"post-5467","1":"product","2":"type-product","3":"status-publish","4":"has-post-thumbnail","6":"product_cat-papiraru","8":"first","9":"instock","10":"shipping-taxable","11":"purchasable","12":"product-type-simple"},"acf":[],"_links":{"self":[{"href":"https:\/\/d.logo1.hu\/webshop\/wp-json\/wp\/v2\/product\/5467","targetHints":{"allow":["GET"]}}],"collection":[{"href":"https:\/\/d.logo1.hu\/webshop\/wp-json\/wp\/v2\/product"}],"about":[{"href":"https:\/\/d.logo1.hu\/webshop\/wp-json\/wp\/v2\/types\/product"}],"wp:featuredmedia":[{"embeddable":true,"href":"https:\/\/d.logo1.hu\/webshop\/wp-json\/wp\/v2\/media\/5468"}],"wp:attachment":[{"href":"https:\/\/d.logo1.hu\/webshop\/wp-json\/wp\/v2\/media?parent=5467"}],"wp:term":[{"taxonomy":"product_brand","embeddable":true,"href":"https:\/\/d.logo1.hu\/webshop\/wp-json\/wp\/v2\/product_brand?post=5467"},{"taxonomy":"product_cat","embeddable":true,"href":"https:\/\/d.logo1.hu\/webshop\/wp-json\/wp\/v2\/product_cat?post=5467"},{"taxonomy":"product_tag","embeddable":true,"href":"https:\/\/d.logo1.hu\/webshop\/wp-json\/wp\/v2\/product_tag?post=5467"}],"curies":[{"name":"wp","href":"https:\/\/api.w.org\/{rel}","templated":true}]}}