{"id":5469,"date":"2025-03-02T22:27:19","date_gmt":"2025-03-02T21:27:19","guid":{"rendered":"https:\/\/d.logo1.hu\/webshop\/?post_type=product&#038;p=5469"},"modified":"2025-03-02T22:27:21","modified_gmt":"2025-03-02T21:27:21","slug":"lilla-sept-kezfertotlenito","status":"publish","type":"product","link":"https:\/\/d.logo1.hu\/webshop\/product\/lilla-sept-kezfertotlenito\/","title":{"rendered":"LILLA-SEPT k\u00e9zfert\u0151tlen\u00edt\u0151"},"content":{"rendered":"<p>Felhaszn\u00e1l\u00e1sra k\u00e9sz folyad\u00e9k foglalkoz\u00e1sszer\u0171 felhaszn\u00e1l\u00f3k r\u00e9sz\u00e9re, amely alkalmas minden olyan ter\u00fcleten, ahol a k\u00e9z tiszt\u00edt\u00e1sa mellett annak fert\u0151tlen\u00edt\u00e9s\u00e9re is sz\u00fcks\u00e9g van. Juttassunk 3 ml LILLA SEPT koncentr\u00e1tumot a sz\u00e1raz, vagy enyh\u00e9n nedves teny\u00e9rbe, \u00e9s egyenletesen d\u00f6rzs\u00f6lj\u00fck sz\u00e9t a fert\u0151tlen\u00edtend\u0151 fel\u00fcleten, majd habos\u00edtsuk fel. \u00dcgyelj\u00fcnk, hogy elegend\u0151 mennyis\u00e9g\u0171 anyag jusson a fert\u0151tlen\u00edt\u00e9s szempontj\u00e1b\u00f3l kritikus helyekre: k\u00e9zhajlat, ujjak k\u00f6z\u00f6tti ter\u00fclet, k\u00f6r\u00f6m\u00e1gyak, valamint a k\u00f6r\u00f6m alatti ter\u00fcletek. A behat\u00e1si id\u0151 letelte ut\u00e1n a k\u00e9zr\u0151l csapv\u00edzzel le\u00f6bl\u00edtj\u00fck. A nedves k\u00e9zfel\u00fcletet meleg leveg\u0151\u00e1ramban sz\u00e1r\u00edtsuk meg. (A k\u00e9z sz\u00e1r\u00edt\u00e1s\u00e1ra\u2013sz\u00fcks\u00e9g eset\u00e9n- egyszer haszn\u00e1latos pap\u00edrt\u00f6r\u00f6lk\u00f6z\u0151 is megfelel).<\/p>\n<p>Betegf\u00fcrdet\u00e9sre: A nedves b\u0151rfel\u00fcletet LILLA-SEPT oldattal \u00e1titatott szivacs seg\u00edts\u00e9g\u00e9vel habos\u00edtva t\u00f6r\u00f6lj\u00fck \u00e1t, majd a behat\u00e1si id\u0151 letelte ut\u00e1n meleg v\u00edzzel, alaposan \u00f6bl\u00edts\u00fck le \u00e9s a b\u0151rfel\u00fcletet t\u00f6r\u00fclj\u00fck sz\u00e1razra.<\/p>\n<p>Biztons\u00e1gi tan\u00e1csok: a LILLA-SEPT-et ne alkalmazzuk ny\u00e1lkah\u00e1rtya, ny\u00edlt seb, illetve a szem k\u00f6rny\u00e9ki b\u0151rfel\u00fclet fert\u0151tlen\u00edt\u00e9s\u00e9re. A szert csak rendeltet\u00e9s\u00e9nek megfelel\u0151 c\u00e9lra \u00e9s m\u00f3don szabad haszn\u00e1lni. A term\u00e9k haszn\u00e1lata sor\u00e1n be kell tartani az \u00e1ltal\u00e1nos munkabiztons\u00e1gi \u00e9s munkahigi\u00e9n\u00e9s szab\u00e1lyokat.<\/p>\n<p>T\u00e1rol\u00e1s: Szobah\u0151m\u00e9rs\u00e9klet\u0171 sz\u00e1raz helyis\u00e9gben, \u00e9lelmiszert\u0151l elk\u00fcl\u00f6n\u00edtve, eredeti, \u00e9p, bontatlan csomagol\u00e1sban, betartva a vegyi anyagok t\u00e1rol\u00e1s\u00e1ra vonatkoz\u00f3 \u00e1ltal\u00e1nos el\u0151\u00edr\u00e1sokat. A kever\u00e9k optim\u00e1lis t\u00e1rol\u00e1si h\u0151m\u00e9rs\u00e9klete 18-35\u00b0C, alacsonyabb h\u0151m\u00e9rs\u00e9kleten op\u00e1losod\u00e1s k\u00f6vetkezhet be, ami a term\u00e9k min\u0151s\u00e9g\u00e9t nem befoly\u00e1solja, \u00e9s megsz\u0171nik amint a kever\u00e9k a k\u00edv\u00e1nt h\u0151m\u00e9rs\u00e9klet\u0171 lesz. Fagyt\u00f3l, h\u0151hat\u00e1st\u00f3l v\u00e9dend\u0151. P102 Gyermekekt\u0151l elz\u00e1rva tartand\u00f3. Mell\u0151zni 10 \u00b0C alatti t\u00e1rol\u00e1s\u00e1t.<\/p>\n<p>Antimikrobi\u00e1lis spektrum: baktericid (MRSA)-yeasticid,-fungicid, -tuberkulocid, \u2013 szelekt\u00edv virucid (burkos v\u00edrus, H5N1 is)<\/p>\n<p>Alkalmaz\u00e1si felt\u00e9telek: Alkalmaz\u00e1s h\u00edg\u00edt\u00e1s n\u00e9lk\u00fcl, szobah\u0151m\u00e9rs\u00e9kleten.<\/p>\n<p><strong>antimikrobi\u00e1lis spektrum behat\u00e1si id\u0151k:<\/strong><\/p>\n<p>baktericid (MRSA) &#8211; 1 perc<\/p>\n<p>yeasticid &#8211; 1 perc<\/p>\n<p>tuberkulocid &#8211; 1 perc<\/p>\n<p>Hepatitis B &#8211; 1 perc<\/p>\n<p>szelekt\u00edv virucid &#8211; 2 perc<\/p>\n<p>fungicid &#8211; 5 perc<\/p>\n","protected":false},"excerpt":{"rendered":"<p>LILLA-SEPT, 500 ml, Baktericid (MRSA), tuberkulocid, fungicid, sz.virucid (H1N1)<\/p>\n","protected":false},"featured_media":5470,"template":"","meta":{"_acf_changed":false},"product_brand":[],"product_cat":[227],"product_tag":[],"class_list":{"0":"post-5469","1":"product","2":"type-product","3":"status-publish","4":"has-post-thumbnail","6":"product_cat-szepsegipar","8":"first","9":"instock","10":"shipping-taxable","11":"purchasable","12":"product-type-simple"},"acf":[],"_links":{"self":[{"href":"https:\/\/d.logo1.hu\/webshop\/wp-json\/wp\/v2\/product\/5469","targetHints":{"allow":["GET"]}}],"collection":[{"href":"https:\/\/d.logo1.hu\/webshop\/wp-json\/wp\/v2\/product"}],"about":[{"href":"https:\/\/d.logo1.hu\/webshop\/wp-json\/wp\/v2\/types\/product"}],"wp:featuredmedia":[{"embeddable":true,"href":"https:\/\/d.logo1.hu\/webshop\/wp-json\/wp\/v2\/media\/5470"}],"wp:attachment":[{"href":"https:\/\/d.logo1.hu\/webshop\/wp-json\/wp\/v2\/media?parent=5469"}],"wp:term":[{"taxonomy":"product_brand","embeddable":true,"href":"https:\/\/d.logo1.hu\/webshop\/wp-json\/wp\/v2\/product_brand?post=5469"},{"taxonomy":"product_cat","embeddable":true,"href":"https:\/\/d.logo1.hu\/webshop\/wp-json\/wp\/v2\/product_cat?post=5469"},{"taxonomy":"product_tag","embeddable":true,"href":"https:\/\/d.logo1.hu\/webshop\/wp-json\/wp\/v2\/product_tag?post=5469"}],"curies":[{"name":"wp","href":"https:\/\/api.w.org\/{rel}","templated":true}]}}