{"id":5471,"date":"2025-03-02T22:30:07","date_gmt":"2025-03-02T21:30:07","guid":{"rendered":"https:\/\/d.logo1.hu\/webshop\/?post_type=product&#038;p=5471"},"modified":"2025-03-02T23:11:36","modified_gmt":"2025-03-02T22:11:36","slug":"medixpro-vizhatlan-papirlepedo","status":"publish","type":"product","link":"https:\/\/d.logo1.hu\/webshop\/product\/medixpro-vizhatlan-papirlepedo\/","title":{"rendered":"MedixPro V\u00edzhatlan pap\u00edrleped\u0151"},"content":{"rendered":"<p>3 r\u00e9teg\u0171, v\u00edzhatlan pap\u00edrleped\u0151, t\u00f6bbf\u00e9le sz\u00ednben<\/p>\n<p>M\u00e9ret: 33 x 50 cm<\/p>\n<p>Tekercs hossz: 40 m<\/p>\n<p>\u00c1ltal\u00e1ban rakt\u00e1ron l\u00e9v\u0151 sz\u00ednek: citroms\u00e1rga (yellow), k\u00e9k (blue), lila (mauve), s\u00e1rgabarack (apricot), r\u00f3zsasz\u00edn (pink), z\u00f6ld (green).<\/p>\n<p><em>A MedixPro csal\u00e1d ezen k\u00edv\u00fcl t\u00f6bb sz\u00ednben is el\u00e9rhet\u0151, de azokat, csak nagyobb rendel\u00e9si mennyis\u00e9g eset\u00e9n tudjuk sz\u00e1ll\u00edtani, a gy\u00e1rt\u00f3 visszaigazol\u00e1sa alapj\u00e1n, el\u0151re fizet\u00e9ssel.<\/em><\/p>\n<p>&nbsp;<\/p>\n<p><img loading=\"lazy\" decoding=\"async\" class=\"alignnone wp-image-5488\" src=\"https:\/\/d.logo1.hu\/webshop\/wp-content\/uploads\/2025\/03\/MedixPro-Vizhatlan-papirlepedo-3retegu-40m-33x50-rozsaszin-pink_2.jpg\" alt=\"\" width=\"310\" height=\"189\" \/> <img loading=\"lazy\" decoding=\"async\" class=\"alignnone size-medium wp-image-5490\" src=\"https:\/\/d.logo1.hu\/webshop\/wp-content\/uploads\/2025\/03\/MedixPro-Vizhatlan-papirlepedo-3retegu-40m-33x50-rozsaszin-pink_3.jpg\" alt=\"\" width=\"300\" height=\"182\" \/><\/p>\n<p><img loading=\"lazy\" decoding=\"async\" class=\"alignnone size-medium wp-image-5492\" src=\"https:\/\/d.logo1.hu\/webshop\/wp-content\/uploads\/2025\/03\/MedixPro-Vizhatlan-papirlepedo-3retegu-40m-33x50-rozsaszin-pink_5.jpg\" alt=\"\" width=\"300\" height=\"101\" \/><\/p>\n<p><img loading=\"lazy\" decoding=\"async\" class=\"alignnone wp-image-5491\" src=\"https:\/\/d.logo1.hu\/webshop\/wp-content\/uploads\/2025\/03\/MedixPro-Vizhatlan-papirlepedo-3retegu-40m-33x50-rozsaszin-pink_4.jpg\" alt=\"\" width=\"436\" height=\"77\" \/><\/p>\n<p>&nbsp;<\/p>\n","protected":false},"excerpt":{"rendered":"<p>MedixPro V\u00edzhatlan pap\u00edrleped\u0151, 3 r\u00e9teg\u0171, 40 m (33 x 50) &#8211; r\u00f3zsasz\u00edn (pink)<\/p>\n","protected":false},"featured_media":5487,"template":"","meta":{"_acf_changed":false},"product_brand":[],"product_cat":[227],"product_tag":[],"class_list":{"0":"post-5471","1":"product","2":"type-product","3":"status-publish","4":"has-post-thumbnail","6":"product_cat-szepsegipar","8":"first","9":"instock","10":"shipping-taxable","11":"purchasable","12":"product-type-simple"},"acf":[],"_links":{"self":[{"href":"https:\/\/d.logo1.hu\/webshop\/wp-json\/wp\/v2\/product\/5471","targetHints":{"allow":["GET"]}}],"collection":[{"href":"https:\/\/d.logo1.hu\/webshop\/wp-json\/wp\/v2\/product"}],"about":[{"href":"https:\/\/d.logo1.hu\/webshop\/wp-json\/wp\/v2\/types\/product"}],"wp:featuredmedia":[{"embeddable":true,"href":"https:\/\/d.logo1.hu\/webshop\/wp-json\/wp\/v2\/media\/5487"}],"wp:attachment":[{"href":"https:\/\/d.logo1.hu\/webshop\/wp-json\/wp\/v2\/media?parent=5471"}],"wp:term":[{"taxonomy":"product_brand","embeddable":true,"href":"https:\/\/d.logo1.hu\/webshop\/wp-json\/wp\/v2\/product_brand?post=5471"},{"taxonomy":"product_cat","embeddable":true,"href":"https:\/\/d.logo1.hu\/webshop\/wp-json\/wp\/v2\/product_cat?post=5471"},{"taxonomy":"product_tag","embeddable":true,"href":"https:\/\/d.logo1.hu\/webshop\/wp-json\/wp\/v2\/product_tag?post=5471"}],"curies":[{"name":"wp","href":"https:\/\/api.w.org\/{rel}","templated":true}]}}