{"id":5472,"date":"2025-03-02T22:35:00","date_gmt":"2025-03-02T21:35:00","guid":{"rendered":"https:\/\/d.logo1.hu\/webshop\/?post_type=product&#038;p=5472"},"modified":"2025-03-06T22:33:02","modified_gmt":"2025-03-06T21:33:02","slug":"gold-t-normal-iud","status":"publish","type":"product","link":"https:\/\/d.logo1.hu\/webshop\/product\/gold-t-normal-iud\/","title":{"rendered":"Gold T\u00ae Normal IUD"},"content":{"rendered":"<p>Technikai jellemz\u0151k:<\/p>\n<p>&#8211; 99,99% tiszta r\u00e9z huzal + 0,1 mm \u00d8 arany mag<\/p>\n<p>&#8211; 375 mm2 r\u00e9z fel\u00fclet<\/p>\n<p>&#8211; Y alak\u00fa IUD<\/p>\n<p>&#8211; Mini \u00e9s Norm\u00e1l m\u00e9retben<\/p>\n<p>&#8211; Az aranymag cs\u00f6kkenti a spir\u00e1l elszakad\u00e1s\u00e1nak kock\u00e1zat\u00e1t<\/p>\n<p>&#8211; Egyed\u00fcl\u00e1ll\u00f3 \u00e9s egyszer\u0171 felhelyez\u0151 eszk\u00f6z, amely nagyobb pontoss\u00e1got biztos\u00edt felhelyez\u00e9skor<\/p>\n<p>&#8211; Aj\u00e1nlott haszn\u00e1lati id\u0151: 5 \u00e9v<\/p>\n<p>&#8211; CE tan\u00fas\u00edtv\u00e1nnyal rendelkez\u0151 eszk\u00f6z<\/p>\n<p>&#8211; Fogamz\u00e1sg\u00e1tl\u00f3 c\u00e9lra<\/p>\n<p>&#8211; Egyes\u00e9vel csomagolt, steril<\/p>\n<p>&nbsp;<\/p>\n<p><strong>FIGYELEM!<\/strong><\/p>\n<p><strong>Megrendel\u00e9s el\u0151tt vegye sz\u00e1m\u00edt\u00e1sba, hogy a term\u00e9ket csak megfelel\u0151 szakk\u00e9pes\u00edt\u00e9ssel rendelkez\u0151 n\u0151gy\u00f3gy\u00e1sz szakember helyezheti fel.<\/strong><\/p>\n<p><strong>B\u0151vebb inform\u00e1ci\u00f3\u00e9rt keresse fel n\u0151gy\u00f3gy\u00e1sz\u00e1t!<\/strong><\/p>\n<p><strong>A term\u00e9k pontos t\u00edpus\u00e1t \u00e9s m\u00e9ret\u00e9t egyeztesse n\u0151gy\u00f3gy\u00e1sz\u00e1val.<\/strong><\/p>\n<p><strong>Az \u00e1tvett term\u00e9ket m\u00e1r nem \u00e1ll m\u00f3dunkban cser\u00e9lni!<\/strong><\/p>\n<p><strong>Nem saj\u00e1t r\u00e9szre t\u00f6rt\u00e9n\u0151 megrendel\u00e9s eset\u00e9n pedig t\u00e1j\u00e9koztassa a majdani felhaszn\u00e1l\u00f3t a fentiekr\u0151l.<\/strong><\/p>\n<p>&nbsp;<\/p>\n<p>Az EUROGINE-t t\u00f6bb mint 30 \u00e9ve alap\u00edtott\u00e1k azzal a c\u00e9llal, hogy fogamz\u00e1sg\u00e1tl\u00e1si \u00e9s csal\u00e1dtervez\u00e9si, valamint n\u0151gy\u00f3gy\u00e1szati \u200b\u200bvizsg\u00e1lati, diagnosztikai \u00e9s n\u0151gy\u00f3gy\u00e1szati \u200b\u200bseb\u00e9szeti term\u00e9keket fejlesszenek \u00e9s gy\u00e1rtsanak a spanyol piac sz\u00e1m\u00e1ra. Az\u00f3ta az EUROGINE a r\u00e9z intrauterin k\u00e9sz\u00fcl\u00e9kek (IUD) fejleszt\u00e9s\u00e9re \u00e9s gy\u00e1rt\u00e1s\u00e1ra szakosodott. Ezzel egy\u00fctt az egyetlen spanyol IUD gy\u00e1rt\u00f3v\u00e1 v\u00e1lt. A kezdetek \u00f3ta \u00fatt\u00f6r\u0151 volt az IUD-k tervez\u00e9s\u00e9ben \u00e9s gy\u00e1rt\u00e1s\u00e1ban, majd 1998-ban az EUROGINE a CDTI-vel (Technol\u00f3giai \u00e9s Ipari Fejleszt\u00e9si K\u00f6zpont) \u00e9s a UPC-vel (Katal\u00e1n Politechnikai Egyetem) egy\u00fcttm\u0171k\u00f6d\u00e9sben kifejlesztette a GOLD T\u00ae IUD-t, amely egy egyed\u00fcl\u00e1ll\u00f3 IUD r\u00e9zspir\u00e1llal \u00e9s aranymaggal.<\/p>\n<p>A jelent\u0151s nemzeti n\u00f6veked\u00e9s \u00e9s a nemzetk\u00f6zi terjeszked\u00e9s fontos kih\u00edv\u00e1s el\u00e9 \u00e1ll\u00edtotta a t\u00e1rsas\u00e1got. Az IUD-k k\u00fcl\u00f6nb\u00f6z\u0151 modelljei \u2013 Novaplus\u00ae, Ancora \u00e9s a GOLD T\u00ae jelenleg t\u00f6bb mint 50 orsz\u00e1gban vannak jelen Eur\u00f3p\u00e1ban, \u00c1zsi\u00e1ban, Latin-Amerik\u00e1ban \u00e9s Afrik\u00e1ban.<\/p>\n<p>Az EUROGINE technol\u00f3giailag fejlett n\u0151gy\u00f3gy\u00e1szati \u200b\u200bterm\u00e9keket \u00e9s fogamz\u00e1sg\u00e1tl\u00f3 eszk\u00f6z\u00f6ket sz\u00e1ll\u00edt, azzal a biztos tudattal, hogy kiel\u00e9g\u00edti a helyi \u00e9s a vil\u00e1g minden t\u00e1j\u00e1r\u00f3l \u00e9rkez\u0151 orvosok ig\u00e9nyeit. Azok az orvosok, akik ismerik az EUROGINE term\u00e9keit, teljes megel\u00e9ged\u00e9ssel aj\u00e1nlj\u00e1k p\u00e1cienseiknek, Magyarorsz\u00e1gon is.<\/p>\n<p>Az EUROGINE elk\u00f6telezett a min\u0151s\u00e9g ir\u00e1nt, ez\u00e9rt bevezette az ISO 9001 \u00e9s ISO 13485 szabv\u00e1nyokon alapul\u00f3 min\u0151s\u00e9gir\u00e1ny\u00edt\u00e1si rendszert, mely kiel\u00e9g\u00edti a v\u00e1s\u00e1rl\u00f3k ig\u00e9nyeit \u00e9s megfelel a vonatkoz\u00f3 jogi el\u0151\u00edr\u00e1soknak is.<\/p>\n","protected":false},"excerpt":{"rendered":"<p>Gold T\u00ae Normal IUD (Cu375+Au), norm\u00e1l m\u00e9ret<\/p>\n","protected":false},"featured_media":5485,"template":"","meta":{"_acf_changed":false},"product_brand":[],"product_cat":[229],"product_tag":[],"class_list":{"0":"post-5472","1":"product","2":"type-product","3":"status-publish","4":"has-post-thumbnail","6":"product_cat-eurogine-iud","8":"first","9":"instock","10":"shipping-taxable","11":"purchasable","12":"product-type-simple"},"acf":[],"_links":{"self":[{"href":"https:\/\/d.logo1.hu\/webshop\/wp-json\/wp\/v2\/product\/5472","targetHints":{"allow":["GET"]}}],"collection":[{"href":"https:\/\/d.logo1.hu\/webshop\/wp-json\/wp\/v2\/product"}],"about":[{"href":"https:\/\/d.logo1.hu\/webshop\/wp-json\/wp\/v2\/types\/product"}],"wp:featuredmedia":[{"embeddable":true,"href":"https:\/\/d.logo1.hu\/webshop\/wp-json\/wp\/v2\/media\/5485"}],"wp:attachment":[{"href":"https:\/\/d.logo1.hu\/webshop\/wp-json\/wp\/v2\/media?parent=5472"}],"wp:term":[{"taxonomy":"product_brand","embeddable":true,"href":"https:\/\/d.logo1.hu\/webshop\/wp-json\/wp\/v2\/product_brand?post=5472"},{"taxonomy":"product_cat","embeddable":true,"href":"https:\/\/d.logo1.hu\/webshop\/wp-json\/wp\/v2\/product_cat?post=5472"},{"taxonomy":"product_tag","embeddable":true,"href":"https:\/\/d.logo1.hu\/webshop\/wp-json\/wp\/v2\/product_tag?post=5472"}],"curies":[{"name":"wp","href":"https:\/\/api.w.org\/{rel}","templated":true}]}}