{"id":5475,"date":"2025-03-02T22:37:30","date_gmt":"2025-03-02T21:37:30","guid":{"rendered":"https:\/\/d.logo1.hu\/webshop\/?post_type=product&#038;p=5475"},"modified":"2025-03-02T23:04:47","modified_gmt":"2025-03-02T22:04:47","slug":"ultrahang-gel","status":"publish","type":"product","link":"https:\/\/d.logo1.hu\/webshop\/product\/ultrahang-gel\/","title":{"rendered":"Ultrahang g\u00e9l"},"content":{"rendered":"<p><strong>Sz\u00edntelen ultrahang g\u00e9l<\/strong><br \/>\nEg\u00e9szs\u00e9g\u00fcgyi \u00e9s kozmetikai felhaszn\u00e1l\u00e1sban egyar\u00e1nt aj\u00e1nlott term\u00e9k.<\/p>\n<p>Alkalmas Kavit\u00e1ci\u00f3s, Ultrahangos, T\u0171 n\u00e9lk\u00fcli mezoter\u00e1pi\u00e1s kezel\u00e9sekhez.<\/p>\n<p>Sz\u00edntelen, szagtalan, magas viszkozit\u00e1s\u00fa, v\u00edzben k\u00f6nnyen old\u00f3d\u00f3 g\u00e9l.<br \/>\nNem tartalmaz olyan anyagot, ami az ultrahang fejet k\u00e1ros\u00edtja.<br \/>\nB\u0151rbar\u00e1t, nem tapad, nem ragad.<\/p>\n<p><strong>Haszn\u00e1lati utas\u00edt\u00e1s:<\/strong><br \/>\n\u00b7 A g\u00e9l haszn\u00e1latra k\u00e9sz,<br \/>\n\u00b7 Tiszt\u00edtsa \u00e9s zs\u00edrtalan\u00edtsa meg a p\u00e1ciens b\u0151r\u00e9t,<br \/>\n\u00b7 Haszn\u00e1lja a megfelel\u0151 mennyis\u00e9g\u0171 g\u00e9lt,<br \/>\n\u00b7 Alkalmazza az ultrahang k\u00e9sz\u00fcl\u00e9ket az el\u0151\u00edr\u00e1s szerint,<br \/>\n\u00b7 A vizsg\u00e1lat ut\u00e1n a g\u00e9l marad\u00e9k\u00e1t pap\u00edrt\u00f6r\u00f6lk\u00f6z\u0151vel t\u00e1vol\u00edtsa el a b\u0151rr\u0151l,<br \/>\n\u00b7 Hagyja abba a g\u00e9l haszn\u00e1lat\u00e1t, ha a p\u00e1ciens \u00e9rz\u00e9keny a g\u00e9lre<\/p>\n<p><strong>Figyelem:<\/strong><br \/>\n\u00b7 Csak k\u00fcls\u0151leg haszn\u00e1lhat\u00f3<br \/>\n\u00b7 A term\u00e9k nem steril<br \/>\n\u00b7 Ne haszn\u00e1lja a g\u00e9lt, ha a b\u0151r s\u00e9r\u00fclt<br \/>\n\u00b7 El\u0151fordulhat nagyon ritk\u00e1n b\u0151rp\u00edr<br \/>\n\u00b7 Szembe ne ker\u00fclj\u00f6n<br \/>\n\u00b7 Lej\u00e1rta ut\u00e1n a g\u00e9lt ne haszn\u00e1lja<\/p>\n<p><strong>T\u00e1rol\u00e1s: <\/strong>szobah\u0151m\u00e9rs\u00e9kleten, UV f\u00e9nyt\u0151l v\u00e9dve.<\/p>\n","protected":false},"excerpt":{"rendered":"<p>Sz\u00edntelen ultrahang g\u00e9l<\/p>\n","protected":false},"featured_media":5484,"template":"","meta":{"_acf_changed":false},"product_brand":[],"product_cat":[232],"product_tag":[],"class_list":{"0":"post-5475","1":"product","2":"type-product","3":"status-publish","4":"has-post-thumbnail","6":"product_cat-ultrahang","8":"first","9":"instock","10":"shipping-taxable","11":"purchasable","12":"product-type-simple"},"acf":[],"_links":{"self":[{"href":"https:\/\/d.logo1.hu\/webshop\/wp-json\/wp\/v2\/product\/5475","targetHints":{"allow":["GET"]}}],"collection":[{"href":"https:\/\/d.logo1.hu\/webshop\/wp-json\/wp\/v2\/product"}],"about":[{"href":"https:\/\/d.logo1.hu\/webshop\/wp-json\/wp\/v2\/types\/product"}],"wp:featuredmedia":[{"embeddable":true,"href":"https:\/\/d.logo1.hu\/webshop\/wp-json\/wp\/v2\/media\/5484"}],"wp:attachment":[{"href":"https:\/\/d.logo1.hu\/webshop\/wp-json\/wp\/v2\/media?parent=5475"}],"wp:term":[{"taxonomy":"product_brand","embeddable":true,"href":"https:\/\/d.logo1.hu\/webshop\/wp-json\/wp\/v2\/product_brand?post=5475"},{"taxonomy":"product_cat","embeddable":true,"href":"https:\/\/d.logo1.hu\/webshop\/wp-json\/wp\/v2\/product_cat?post=5475"},{"taxonomy":"product_tag","embeddable":true,"href":"https:\/\/d.logo1.hu\/webshop\/wp-json\/wp\/v2\/product_tag?post=5475"}],"curies":[{"name":"wp","href":"https:\/\/api.w.org\/{rel}","templated":true}]}}