{"id":5478,"date":"2025-03-02T22:51:08","date_gmt":"2025-03-02T21:51:08","guid":{"rendered":"https:\/\/d.logo1.hu\/webshop\/?post_type=product&#038;p=5478"},"modified":"2025-03-02T23:03:42","modified_gmt":"2025-03-02T22:03:42","slug":"microlife-bp-a2-basic-automata-vernyomasmero","status":"publish","type":"product","link":"https:\/\/d.logo1.hu\/webshop\/product\/microlife-bp-a2-basic-automata-vernyomasmero\/","title":{"rendered":"MICROLIFE &#8211; BP A2 Basic automata v\u00e9rnyom\u00e1sm\u00e9r\u0151"},"content":{"rendered":"<p>Klinikai vizsg\u00e1lattal igazolt m\u00e9r\u00e9si pontoss\u00e1g. Klinikailag valid\u00e1lt k\u00e9sz\u00fcl\u00e9k.<br \/>\nSzab\u00e1lytalan sz\u00edvritmus kijelz\u00e9se.<br \/>\nGyeng\u00e9d mandzsettafelf\u00faj\u00e1s.<br \/>\nV\u00e9rnyom\u00e1s-ki\u00e9rt\u00e9kel\u0151 oszlop.<br \/>\nMem\u00f3ria egy szem\u00e9lynek, 30 el\u0151z\u0151 m\u00e9r\u00e9s sorban visszan\u00e9zhet\u0151.<br \/>\nT\u00e1rolt m\u00e9r\u00e9sek \u00e1tlag\u00e1nak kisz\u00e1m\u00edt\u00e1sa.<br \/>\nAz \u00e9szlelt pulzusokat sz\u00edvecske\u00e1bra felvillan\u00e1sa jelzi.<br \/>\nPuha, dupla m\u00e9ret\u0171 (M-L) mandzsetta 22-42 cm felkarker\u00fclethez.<br \/>\nV\u00e9kony karon is tud m\u00e9rni. Kism\u00e9ret\u0171 mandzsetta 17-22 cm felkarker\u00fclethez v\u00e1s\u00e1rolhat\u00f3.<br \/>\nExtra nagy mandzsett\u00e1val is tud m\u00e9rni. L-XL m\u00e9ret 32-52 cm felkarker\u00fclethez v\u00e1s\u00e1rolhat\u00f3.<br \/>\n4 db ceruzaelemmel m\u0171k\u00f6dik. A csomagol\u00e1s tartalmazza.<br \/>\nAkkumul\u00e1torokkal is haszn\u00e1lhat\u00f3.\u00a0Adapterrel is m\u0171k\u00f6dtethet\u0151.<\/p>\n","protected":false},"excerpt":{"rendered":"<p>MICROLIFE &#8211; BP A2 Basic automata v\u00e9rnyom\u00e1sm\u00e9r\u0151<\/p>\n","protected":false},"featured_media":5482,"template":"","meta":{"_acf_changed":false},"product_brand":[],"product_cat":[231],"product_tag":[],"class_list":{"0":"post-5478","1":"product","2":"type-product","3":"status-publish","4":"has-post-thumbnail","6":"product_cat-otthonapolas","8":"first","9":"instock","10":"shipping-taxable","11":"purchasable","12":"product-type-simple"},"acf":[],"_links":{"self":[{"href":"https:\/\/d.logo1.hu\/webshop\/wp-json\/wp\/v2\/product\/5478","targetHints":{"allow":["GET"]}}],"collection":[{"href":"https:\/\/d.logo1.hu\/webshop\/wp-json\/wp\/v2\/product"}],"about":[{"href":"https:\/\/d.logo1.hu\/webshop\/wp-json\/wp\/v2\/types\/product"}],"wp:featuredmedia":[{"embeddable":true,"href":"https:\/\/d.logo1.hu\/webshop\/wp-json\/wp\/v2\/media\/5482"}],"wp:attachment":[{"href":"https:\/\/d.logo1.hu\/webshop\/wp-json\/wp\/v2\/media?parent=5478"}],"wp:term":[{"taxonomy":"product_brand","embeddable":true,"href":"https:\/\/d.logo1.hu\/webshop\/wp-json\/wp\/v2\/product_brand?post=5478"},{"taxonomy":"product_cat","embeddable":true,"href":"https:\/\/d.logo1.hu\/webshop\/wp-json\/wp\/v2\/product_cat?post=5478"},{"taxonomy":"product_tag","embeddable":true,"href":"https:\/\/d.logo1.hu\/webshop\/wp-json\/wp\/v2\/product_tag?post=5478"}],"curies":[{"name":"wp","href":"https:\/\/api.w.org\/{rel}","templated":true}]}}