{"id":5479,"date":"2025-03-02T22:55:12","date_gmt":"2025-03-02T21:55:12","guid":{"rendered":"https:\/\/d.logo1.hu\/webshop\/?post_type=product&#038;p=5479"},"modified":"2025-03-02T23:02:36","modified_gmt":"2025-03-02T22:02:36","slug":"accu-chek-active-vercukorszintmero","status":"publish","type":"product","link":"https:\/\/d.logo1.hu\/webshop\/product\/accu-chek-active-vercukorszintmero\/","title":{"rendered":"ACCU-CHEK Active v\u00e9rcukorszintm\u00e9r\u0151"},"content":{"rendered":"<p>A v\u00e9rcukorm\u00e9r\u0151b\u0151l \u00e9s tesztcs\u00edkokb\u00f3l \u00e1ll\u00f3 v\u00e9rcukorm\u00e9r\u0151 k\u00e9sz\u00fcl\u00e9k \u00f6nmonitoroz\u00e1sra \u00e9s professzion\u00e1lis ter\u00fcleten val\u00f3 haszn\u00e1latra alkalmas. Seg\u00edts\u00e9g\u00e9vel a diab\u00e9teszes betegek saj\u00e1t maguk is ellen\u0151rizhetik v\u00e9rcukorszintj\u00fcket.<\/p>\n<p>20 milli\u00f3 felhaszn\u00e1l\u00f3, t\u00f6bb, mint 100 orsz\u00e1gban, 12 \u00e9ve b\u00edzik az Accu-Chek Active v\u00e9rcukorm\u00e9r\u0151ben!<\/p>\n<p>Az els\u0151 v\u00e9rcukorm\u00e9r\u00e9s el\u0151tt figyelmesen olvassa v\u00e9gig a haszn\u00e1lati \u00fatmutat\u00f3t!<\/p>\n<p>A k\u00e9szlet tartalma:<\/p>\n<p>&#8211; Accu-Chek Active v\u00e9rcukorm\u00e9r\u0151 elemmel<\/p>\n<p>&#8211; Accu-Chek Softclix ujjbegysz\u00far\u00f3<\/p>\n<p>&#8211; 10 Accu-Chek Softclix l\u00e1ndzsa<\/p>\n<p>&#8211; 10 Accu-Chek\u00a0 Acitve tesztcs\u00edk<\/p>\n<p>&#8211; Tart\u00f3-tok<\/p>\n<p>&#8211; Haszn\u00e1lati \u00fatmutat\u00f3<\/p>\n<p>&nbsp;<\/p>\n<p><strong>Accu Chek Active V\u00e9rcukorszintm\u00e9r\u0151 K\u00e9sz\u00fcl\u00e9k<\/strong><\/p>\n<p>&#8211; Az Accu-Chek Active v\u00e9rcukorm\u00e9r\u0151 pontoss\u00e1ga megfelel a nemzetk\u00f6zileg elismert (ISO 15197:2013 \/ EN ISO 15197:2015) szabv\u00e1nynak.<\/p>\n<p>&#8211; Nincs sz\u00fcks\u00e9g k\u00fcl\u00f6n k\u00f3dol\u00e1sra, \u00edgy a v\u00e9rcukorm\u00e9r\u00e9s m\u00e9g egyszer\u0171bb \u00e9s gyorsabb.<\/p>\n<p>&#8211; Megb\u00edzhat\u00f3 eredm\u00e9nyek mind\u00f6ssze 5 mp alatt.<\/p>\n<p>&#8211; Fotometri\u00e1s elven m\u0171k\u00f6d\u0151 k\u00e9sz\u00fcl\u00e9k, a m\u00e9r\u00e9shez 1-2 \u03bcL v\u00e9rmint\u00e1ra van sz\u00fcks\u00e9g.<\/p>\n<p>&#8211; Kivehet\u0151 tesztcs\u00edk a k\u00e9nyelmes v\u00e9rcukorm\u00e9r\u00e9s\u00e9rt.<\/p>\n<p>&#8211; Az aluladagol\u00e1s \u00e9rz\u00e9kel\u00e9s \u00e9s az \u00fajraadagol\u00e1si opci\u00f3 lehet\u0151v\u00e9 teszi a v\u00e9rmennyis\u00e9g n\u00f6vel\u00e9s\u00e9t, ha a minta nem elegend\u0151.<\/p>\n<p>&#8211; A v\u00e9rcukorm\u00e9r\u0151b\u0151l \u00e9s tesztcs\u00edkokb\u00f3l \u00e1ll\u00f3 v\u00e9rcukorm\u00e9r\u0151 k\u00e9sz\u00fcl\u00e9k \u00f6nmonitoroz\u00e1sra \u00e9s professzion\u00e1lis ter\u00fcleten val\u00f3 haszn\u00e1latra alkalmas.<\/p>\n<p>&#8211; Seg\u00edts\u00e9g\u00e9vel a diab\u00e9teszes betegek saj\u00e1t maguk is ellen\u0151rizhetik v\u00e9rcukorszintj\u00fcket.<\/p>\n<p>&#8211; \u00c9tkez\u00e9s el\u0151tti \u00e9s ut\u00e1ni \u00e9rt\u00e9kek megjel\u00f6l\u00e9se<\/p>\n<p>&#8211; 7, 14, 30 \u00e9s 90 napos \u00e1tlagsz\u00e1m\u00edt\u00e1s.<\/p>\n<p>-Audiovizu\u00e1lis \u00e9tkez\u00e9s ut\u00e1ni eml\u00e9keztet\u0151, amely \u00e9tkez\u00e9s ut\u00e1n 2 \u00f3r\u00e1val figyelmeztet a m\u00e9r\u00e9sre.<\/p>\n<p>&#8211; K\u00f6nny\u0171 kezel\u00e9s mind\u00f6ssze k\u00e9t gomb seg\u00edts\u00e9g\u00e9vel.<\/p>\n<p>&#8211; 500 v\u00e9rcukorszint m\u00e9r\u00e9si eredm\u00e9ny t\u00e1rol\u00e1sa id\u0151vel \u00e9s d\u00e1tummal.<\/p>\n<p>&#8211; Nagy, k\u00f6nnyen olvashat\u00f3 LCD kijelz\u0151.<\/p>\n<p>&#8211; Sz\u00e9les m\u00e9r\u00e9si tartom\u00e1ny (0,6-33,3 mmol\/l).<\/p>\n<p>-Adat\u00e1tvitel USB csatlakoz\u00e1son kereszt\u00fcl,\u00a0ingyenesen let\u00f6lthet\u0151 programmal.<\/p>\n<p>&#8211; 6 \u00e9v gy\u00e1rt\u00f3i garancia vonatkozik minden Accu-Chek v\u00e9rcukorm\u00e9r\u0151 k\u00e9sz\u00fcl\u00e9kre.<\/p>\n<p><strong>Figyelmeztet\u00e9sek<\/strong><\/p>\n<p>A v\u00e9rcukorm\u00e9r\u0151t csak az Accu-Chek Active tesztcs\u00edkokkal egy\u00fctt szabad haszn\u00e1lni.<\/p>\n<p>A k\u00e9sz\u00fcl\u00e9ket nem szabad diab\u00e9tesz diagnosztiz\u00e1l\u00e1s\u00e1ra vagy kiz\u00e1r\u00e1s\u00e1ra haszn\u00e1lni.<\/p>\n<p>A k\u00e9sz\u00fcl\u00e9k csak a testen k\u00edv\u00fcli alkalmaz\u00e1sra val\u00f3.<\/p>\n<p>&nbsp;<\/p>\n","protected":false},"excerpt":{"rendered":"<p>A v\u00e9rcukorm\u00e9r\u0151b\u0151l \u00e9s tesztcs\u00edkokb\u00f3l \u00e1ll\u00f3 v\u00e9rcukorm\u00e9r\u0151 k\u00e9sz\u00fcl\u00e9k \u00f6nmonitoroz\u00e1sra \u00e9s professzion\u00e1lis ter\u00fcleten val\u00f3 haszn\u00e1latra alkalmas. Seg\u00edts\u00e9g\u00e9vel a diab\u00e9teszes betegek saj\u00e1t maguk is ellen\u0151rizhetik v\u00e9rcukorszintj\u00fcket.<\/p>\n","protected":false},"featured_media":5480,"template":"","meta":{"_acf_changed":false},"product_brand":[],"product_cat":[231],"product_tag":[],"class_list":{"0":"post-5479","1":"product","2":"type-product","3":"status-publish","4":"has-post-thumbnail","6":"product_cat-otthonapolas","8":"first","9":"instock","10":"shipping-taxable","11":"purchasable","12":"product-type-simple"},"acf":[],"_links":{"self":[{"href":"https:\/\/d.logo1.hu\/webshop\/wp-json\/wp\/v2\/product\/5479","targetHints":{"allow":["GET"]}}],"collection":[{"href":"https:\/\/d.logo1.hu\/webshop\/wp-json\/wp\/v2\/product"}],"about":[{"href":"https:\/\/d.logo1.hu\/webshop\/wp-json\/wp\/v2\/types\/product"}],"wp:featuredmedia":[{"embeddable":true,"href":"https:\/\/d.logo1.hu\/webshop\/wp-json\/wp\/v2\/media\/5480"}],"wp:attachment":[{"href":"https:\/\/d.logo1.hu\/webshop\/wp-json\/wp\/v2\/media?parent=5479"}],"wp:term":[{"taxonomy":"product_brand","embeddable":true,"href":"https:\/\/d.logo1.hu\/webshop\/wp-json\/wp\/v2\/product_brand?post=5479"},{"taxonomy":"product_cat","embeddable":true,"href":"https:\/\/d.logo1.hu\/webshop\/wp-json\/wp\/v2\/product_cat?post=5479"},{"taxonomy":"product_tag","embeddable":true,"href":"https:\/\/d.logo1.hu\/webshop\/wp-json\/wp\/v2\/product_tag?post=5479"}],"curies":[{"name":"wp","href":"https:\/\/api.w.org\/{rel}","templated":true}]}}